{"id":335,"date":"2024-03-26T10:50:28","date_gmt":"2024-03-26T13:50:28","guid":{"rendered":"https:\/\/nupreds.ifce.edu.br\/?page_id=335"},"modified":"2025-12-16T05:51:49","modified_gmt":"2025-12-16T08:51:49","slug":"sobre-o-nupreds","status":"publish","type":"page","link":"https:\/\/nupreds.ifce.edu.br\/sobre-o-nupreds\/","title":{"rendered":"Sobre o NUPREDS"},"content":{"rendered":"\n<p class=\"has-text-align-left\">O <strong>N\u00facleo de Pr\u00e1ticas de Engenharia e Desenvolvimento de Software<\/strong> (NUPREDS) \u00e9 um programa de extens\u00e3o criado por professores dos cursos de Bacharelado em Ci\u00eancia da Computa\u00e7\u00e3o e T\u00e9cnico em Inform\u00e1tica do IFCE \u2013 Campus Tiangu\u00e1. Seu objetivo \u00e9 aproximar estudantes de tecnologias utilizadas no mercado de TI, qualificando-os ainda durante a forma\u00e7\u00e3o, estimulando sua perman\u00eancia no curso e possibilitando experi\u00eancias pr\u00e1ticas em um ambiente semelhante ao de uma empresa de software. Dessa forma, o n\u00facleo contribui para o desenvolvimento acad\u00eamico e profissional dos alunos, ao mesmo tempo em que atende demandas reais da sociedade.<\/p>\n\n\n\n<h2 class=\"wp-block-heading\">Assista ao nosso \u00faltimo semin\u00e1rio<\/h2>\n\n\n\n<figure class=\"wp-block-embed is-type-video is-provider-youtube wp-block-embed-youtube wp-embed-aspect-16-9 wp-has-aspect-ratio\"><div class=\"wp-block-embed__wrapper\">\n<iframe  id=\"_ytid_89628\"  width=\"640\" height=\"360\"  data-origwidth=\"640\" data-origheight=\"360\" src=\"https:\/\/www.youtube.com\/embed\/h9CHMyorhDE?enablejsapi=1&#038;autoplay=0&#038;cc_load_policy=0&#038;cc_lang_pref=&#038;iv_load_policy=1&#038;loop=0&#038;modestbranding=0&#038;rel=1&#038;fs=1&#038;playsinline=0&#038;autohide=2&#038;theme=dark&#038;color=red&#038;controls=1&#038;\" class=\"__youtube_prefs__  epyt-is-override  no-lazyload\" title=\"YouTube player\"  allow=\"fullscreen; accelerometer; autoplay; clipboard-write; encrypted-media; gyroscope; picture-in-picture\" allowfullscreen data-no-lazy=\"1\" data-skipgform_ajax_framebjll=\"\"><\/iframe>\n<\/div><\/figure>\n\n\n\n<p>Acesse nossa playlist com semin\u00e1rios ao vivo: <br><a href=\"https:\/\/www.youtube.com\/playlist?list=PLmpWUX3ag9OC0S3s-7EKigcWRTxWd0GOy\" target=\"_blank\" rel=\"noreferrer noopener\">https:\/\/www.youtube.com\/playlist?list=PLmpWUX3ag9OC0S3s-7EKigcWRTxWd0GOy<\/a> <\/p>\n","protected":false},"excerpt":{"rendered":"<p>O N\u00facleo de Pr\u00e1ticas de Engenharia e Desenvolvimento de Software (NUPREDS) \u00e9 um programa de extens\u00e3o criado por professores dos cursos de Bacharelado em Ci\u00eancia da Computa\u00e7\u00e3o e T\u00e9cnico em Inform\u00e1tica do IFCE \u2013 Campus Tiangu\u00e1. Seu objetivo \u00e9 aproximar estudantes de tecnologias utilizadas no mercado de TI, qualificando-os ainda durante a forma\u00e7\u00e3o, estimulando sua perman\u00eancia no curso e possibilitando experi\u00eancias pr\u00e1ticas em um ambiente semelhante ao de uma empresa de software. Dessa forma, o n\u00facleo contribui para o desenvolvimento acad\u00eamico e profissional dos alunos, ao mesmo tempo em que atende demandas reais da sociedade. Assista ao nosso \u00faltimo semin\u00e1rio Acesse nossa playlist com semin\u00e1rios ao vivo: https:\/\/www.youtube.com\/playlist?list=PLmpWUX3ag9OC0S3s-7EKigcWRTxWd0GOy<\/p>\n","protected":false},"author":3,"featured_media":0,"parent":0,"menu_order":0,"comment_status":"closed","ping_status":"closed","template":"","meta":{"footnotes":""},"_links":{"self":[{"href":"https:\/\/nupreds.ifce.edu.br\/wp-json\/wp\/v2\/pages\/335"}],"collection":[{"href":"https:\/\/nupreds.ifce.edu.br\/wp-json\/wp\/v2\/pages"}],"about":[{"href":"https:\/\/nupreds.ifce.edu.br\/wp-json\/wp\/v2\/types\/page"}],"author":[{"embeddable":true,"href":"https:\/\/nupreds.ifce.edu.br\/wp-json\/wp\/v2\/users\/3"}],"replies":[{"embeddable":true,"href":"https:\/\/nupreds.ifce.edu.br\/wp-json\/wp\/v2\/comments?post=335"}],"version-history":[{"count":7,"href":"https:\/\/nupreds.ifce.edu.br\/wp-json\/wp\/v2\/pages\/335\/revisions"}],"predecessor-version":[{"id":404,"href":"https:\/\/nupreds.ifce.edu.br\/wp-json\/wp\/v2\/pages\/335\/revisions\/404"}],"wp:attachment":[{"href":"https:\/\/nupreds.ifce.edu.br\/wp-json\/wp\/v2\/media?parent=335"}],"curies":[{"name":"wp","href":"https:\/\/api.w.org\/{rel}","templated":true}]}}